{"id":624,"date":"2020-03-30T13:35:52","date_gmt":"2020-03-30T11:35:52","guid":{"rendered":"http:\/\/www.1a-avtolicarstvoplut.si\/?page_id=624"},"modified":"2020-09-08T10:47:07","modified_gmt":"2020-09-08T08:47:07","slug":"o-nas","status":"publish","type":"page","link":"https:\/\/www.1a-avtolicarstvoplut.si\/en\/o-nas\/","title":{"rendered":"About us"},"content":{"rendered":"<div data-elementor-type=\"wp-page\" data-elementor-id=\"624\" class=\"elementor elementor-624\" data-elementor-post-type=\"page\">\n\t\t\t\t\t\t<section class=\"elementor-section elementor-top-section elementor-element elementor-element-d064a40 elementor-section-boxed elementor-section-height-default elementor-section-height-default\" data-id=\"d064a40\" data-element_type=\"section\" data-e-type=\"section\" data-settings=\"{&quot;background_background&quot;:&quot;classic&quot;}\">\n\t\t\t\t\t\t<div class=\"elementor-container elementor-column-gap-default\">\n\t\t\t\t\t<div class=\"elementor-column elementor-col-100 elementor-top-column elementor-element elementor-element-f3afa8f\" data-id=\"f3afa8f\" data-element_type=\"column\" data-e-type=\"column\">\n\t\t\t<div class=\"elementor-widget-wrap elementor-element-populated\">\n\t\t\t\t\t\t<div class=\"elementor-element elementor-element-2cb6522 elementor-widget elementor-widget-shortcode\" data-id=\"2cb6522\" data-element_type=\"widget\" data-e-type=\"widget\" data-widget_type=\"shortcode.default\">\n\t\t\t\t<div class=\"elementor-widget-container\">\n\t\t\t\t\t\t\t<div class=\"elementor-shortcode\">\t\t\t<section id=\"cd-timeline\" class=\"cd-container timeline-express\">\n\n\t\t\t\n<div class=\"cd-timeline-block april 01 2020 announcement-918\">\n\n\t\n\t\t<div class=\"cd-timeline-img cd-picture icon-no-readmore\" style=\"background:#dd9933;\">\n\n\t\t\t<!-- Custom Action Hook -->\n\t\t\t\n\t\t\t\t<!-- Standard Font Awesome Icon -->\n\t\t\t\t<span class=\"fa fa-automobile\" title=\"1968\"><\/span>\n\n\t\t\t\n\t\t<\/div> <!-- cd-timeline-img -->\n\n\t\n\t<!-- Timeline Content -->\n\t<div class=\"cd-timeline-content\">\n\n\t\t\n\t\t<!-- Announcement Title -->\n\t\t<div class=\"cd-timeline-title-container\">\n\n\t\t\t\n\t\t\t<h2 class=\"cd-timeline-item-title\">\n\t\t\t\t1968\t\t\t<\/h2>\n\n\t\t\t\t\t<\/div>\n\t\t<!-- End Announcement Title -->\n\n\t\t<img decoding=\"async\" width=\"350\" height=\"120\" data-src=\"https:\/\/www.1a-avtolicarstvoplut.si\/wp-content\/uploads\/2020\/04\/deda-plut-350x120.jpg\" class=\"announcement-banner-image lazyload\" alt=\"1968\" src=\"data:image\/gif;base64,R0lGODlhAQABAAAAACH5BAEKAAEALAAAAAABAAEAAAICTAEAOw==\" style=\"--smush-placeholder-width: 350px; --smush-placeholder-aspect-ratio: 350\/120;\" \/><noscript><img decoding=\"async\" width=\"350\" height=\"120\" src=\"https:\/\/www.1a-avtolicarstvoplut.si\/wp-content\/uploads\/2020\/04\/deda-plut-350x120.jpg\" class=\"announcement-banner-image\" alt=\"1968\" \/><\/noscript>\n\t\t<!-- Announcement Excerpt -->\n\t\t<div class=\"the-excerpt\">\n\t\t\t<p>Avgu\u0161tin and Jo\u017eefa Plut open a car painting workshop in Stane\u017ei\u010de. Those were not easy times for the craft as there were far fewer vehicles on the roads than there are today.<\/p>\n\t\t<\/div>\n\t\t<!-- End Announcement Excerpt -->\n\n\t\t\n\t<\/div>\n\t<!-- End Timeline Content -->\n\n<\/div>\n<!-- End Timeline Block -->\n\n<div class=\"cd-timeline-block april 02 2020 announcement-no-image announcement-919\">\n\n\t\n\t\t<div class=\"cd-timeline-img cd-picture icon-no-readmore\" style=\"background:#d84f00;\">\n\n\t\t\t<!-- Custom Action Hook -->\n\t\t\t\n\t\t\t\t<!-- Standard Font Awesome Icon -->\n\t\t\t\t<span class=\"fa fa-random\" title=\"1986\"><\/span>\n\n\t\t\t\n\t\t<\/div> <!-- cd-timeline-img -->\n\n\t\n\t<!-- Timeline Content -->\n\t<div class=\"cd-timeline-content\">\n\n\t\t\n\t\t<!-- Announcement Title -->\n\t\t<div class=\"cd-timeline-title-container\">\n\n\t\t\t\n\t\t\t<h2 class=\"cd-timeline-item-title\">\n\t\t\t\t1986\t\t\t<\/h2>\n\n\t\t\t\t\t<\/div>\n\t\t<!-- End Announcement Title -->\n\n\t\t\n\t\t<!-- Announcement Excerpt -->\n\t\t<div class=\"the-excerpt\">\n\t\t\t<p>In time Avgu\u0161tin and Jo\u017eefa pass the business on to their sons.<\/p>\n\t\t<\/div>\n\t\t<!-- End Announcement Excerpt -->\n\n\t\t\n\t<\/div>\n\t<!-- End Timeline Content -->\n\n<\/div>\n<!-- End Timeline Block -->\n\n<div class=\"cd-timeline-block april 08 2020 announcement-920\">\n\n\t\n\t\t<div class=\"cd-timeline-img cd-picture icon-no-readmore\" style=\"background:#dd9933;\">\n\n\t\t\t<!-- Custom Action Hook -->\n\t\t\t\n\t\t\t\t<!-- Standard Font Awesome Icon -->\n\t\t\t\t<span class=\"fa fa-heart-o\" title=\"2006\"><\/span>\n\n\t\t\t\n\t\t<\/div> <!-- cd-timeline-img -->\n\n\t\n\t<!-- Timeline Content -->\n\t<div class=\"cd-timeline-content\">\n\n\t\t\n\t\t<!-- Announcement Title -->\n\t\t<div class=\"cd-timeline-title-container\">\n\n\t\t\t\n\t\t\t<h2 class=\"cd-timeline-item-title\">\n\t\t\t\t2006\t\t\t<\/h2>\n\n\t\t\t\t\t<\/div>\n\t\t<!-- End Announcement Title -->\n\n\t\t<img decoding=\"async\" width=\"350\" height=\"120\" data-src=\"https:\/\/www.1a-avtolicarstvoplut.si\/wp-content\/uploads\/2020\/04\/zacetek-350x120.jpg\" class=\"announcement-banner-image lazyload\" alt=\"2006\" src=\"data:image\/gif;base64,R0lGODlhAQABAAAAACH5BAEKAAEALAAAAAABAAEAAAICTAEAOw==\" style=\"--smush-placeholder-width: 350px; --smush-placeholder-aspect-ratio: 350\/120;\" \/><noscript><img decoding=\"async\" width=\"350\" height=\"120\" src=\"https:\/\/www.1a-avtolicarstvoplut.si\/wp-content\/uploads\/2020\/04\/zacetek-350x120.jpg\" class=\"announcement-banner-image\" alt=\"2006\" \/><\/noscript>\n\t\t<!-- Announcement Excerpt -->\n\t\t<div class=\"the-excerpt\">\n\t\t\t<p>Fredi and Marija open their business in a modern car painting workshop. Their older sons soon join them.<\/p>\n\t\t<\/div>\n\t\t<!-- End Announcement Excerpt -->\n\n\t\t\n\t<\/div>\n\t<!-- End Timeline Content -->\n\n<\/div>\n<!-- End Timeline Block -->\n\n<div class=\"cd-timeline-block april 08 2020 announcement-921\">\n\n\t\n\t\t<div class=\"cd-timeline-img cd-picture icon-no-readmore\" style=\"background:#d84f00;\">\n\n\t\t\t<!-- Custom Action Hook -->\n\t\t\t\n\t\t\t\t<!-- Standard Font Awesome Icon -->\n\t\t\t\t<span class=\"fa fa-plus\" title=\"2008\"><\/span>\n\n\t\t\t\n\t\t<\/div> <!-- cd-timeline-img -->\n\n\t\n\t<!-- Timeline Content -->\n\t<div class=\"cd-timeline-content\">\n\n\t\t\n\t\t<!-- Announcement Title -->\n\t\t<div class=\"cd-timeline-title-container\">\n\n\t\t\t\n\t\t\t<h2 class=\"cd-timeline-item-title\">\n\t\t\t\t2008\t\t\t<\/h2>\n\n\t\t\t\t\t<\/div>\n\t\t<!-- End Announcement Title -->\n\n\t\t<img decoding=\"async\" width=\"350\" height=\"120\" data-src=\"https:\/\/www.1a-avtolicarstvoplut.si\/wp-content\/uploads\/2020\/04\/100_3013-e1588000554751-350x120.jpg\" class=\"announcement-banner-image lazyload\" alt=\"2008\" src=\"data:image\/gif;base64,R0lGODlhAQABAAAAACH5BAEKAAEALAAAAAABAAEAAAICTAEAOw==\" style=\"--smush-placeholder-width: 350px; --smush-placeholder-aspect-ratio: 350\/120;\" \/><noscript><img decoding=\"async\" width=\"350\" height=\"120\" src=\"https:\/\/www.1a-avtolicarstvoplut.si\/wp-content\/uploads\/2020\/04\/100_3013-e1588000554751-350x120.jpg\" class=\"announcement-banner-image\" alt=\"2008\" \/><\/noscript>\n\t\t<!-- Announcement Excerpt -->\n\t\t<div class=\"the-excerpt\">\n\t\t\t<p>We equip the workshop with another, new paint chamber.<\/p>\n\t\t<\/div>\n\t\t<!-- End Announcement Excerpt -->\n\n\t\t\n\t<\/div>\n\t<!-- End Timeline Content -->\n\n<\/div>\n<!-- End Timeline Block -->\n\n<div class=\"cd-timeline-block april 08 2020 announcement-922\">\n\n\t\n\t\t<div class=\"cd-timeline-img cd-picture icon-no-readmore\" style=\"background:#dd9933;\">\n\n\t\t\t<!-- Custom Action Hook -->\n\t\t\t\n\t\t\t\t<!-- Standard Font Awesome Icon -->\n\t\t\t\t<span class=\"fa fa-exclamation-triangle\" title=\"2015\"><\/span>\n\n\t\t\t\n\t\t<\/div> <!-- cd-timeline-img -->\n\n\t\n\t<!-- Timeline Content -->\n\t<div class=\"cd-timeline-content\">\n\n\t\t\n\t\t<!-- Announcement Title -->\n\t\t<div class=\"cd-timeline-title-container\">\n\n\t\t\t\n\t\t\t<h2 class=\"cd-timeline-item-title\">\n\t\t\t\t2015\t\t\t<\/h2>\n\n\t\t\t\t\t<\/div>\n\t\t<!-- End Announcement Title -->\n\n\t\t<img loading=\"lazy\" decoding=\"async\" width=\"350\" height=\"120\" data-src=\"https:\/\/www.1a-avtolicarstvoplut.si\/wp-content\/uploads\/2020\/04\/nitroTHERMspray-350x120.png\" class=\"announcement-banner-image lazyload\" alt=\"2015\" src=\"data:image\/gif;base64,R0lGODlhAQABAAAAACH5BAEKAAEALAAAAAABAAEAAAICTAEAOw==\" style=\"--smush-placeholder-width: 350px; --smush-placeholder-aspect-ratio: 350\/120;\" \/><noscript><img loading=\"lazy\" decoding=\"async\" width=\"350\" height=\"120\" src=\"https:\/\/www.1a-avtolicarstvoplut.si\/wp-content\/uploads\/2020\/04\/nitroTHERMspray-350x120.png\" class=\"announcement-banner-image\" alt=\"2015\" \/><\/noscript>\n\t\t<!-- Announcement Excerpt -->\n\t\t<div class=\"the-excerpt\">\n\t\t\t<p>Car painting technology is upgraded by NitroThermSpray system.\u00a0<\/p>\n\t\t<\/div>\n\t\t<!-- End Announcement Excerpt -->\n\n\t\t\n\t<\/div>\n\t<!-- End Timeline Content -->\n\n<\/div>\n<!-- End Timeline Block -->\n\n<div class=\"cd-timeline-block april 08 2020 announcement-923\">\n\n\t\n\t\t<div class=\"cd-timeline-img cd-picture icon-no-readmore\" style=\"background:#000000;\">\n\n\t\t\t<!-- Custom Action Hook -->\n\t\t\t\n\t\t\t\t<!-- Standard Font Awesome Icon -->\n\t\t\t\t<span class=\"fa fa-chain-broken\" title=\"2015\"><\/span>\n\n\t\t\t\n\t\t<\/div> <!-- cd-timeline-img -->\n\n\t\n\t<!-- Timeline Content -->\n\t<div class=\"cd-timeline-content\">\n\n\t\t\n\t\t<!-- Announcement Title -->\n\t\t<div class=\"cd-timeline-title-container\">\n\n\t\t\t\n\t\t\t<h2 class=\"cd-timeline-item-title\">\n\t\t\t\t2015\t\t\t<\/h2>\n\n\t\t\t\t\t<\/div>\n\t\t<!-- End Announcement Title -->\n\n\t\t<img loading=\"lazy\" decoding=\"async\" width=\"350\" height=\"120\" data-src=\"https:\/\/www.1a-avtolicarstvoplut.si\/wp-content\/uploads\/2020\/04\/IMG_20200418_122436-scaled-e1587541429169-350x120.jpg\" class=\"announcement-banner-image lazyload\" alt=\"2015\" src=\"data:image\/gif;base64,R0lGODlhAQABAAAAACH5BAEKAAEALAAAAAABAAEAAAICTAEAOw==\" style=\"--smush-placeholder-width: 350px; --smush-placeholder-aspect-ratio: 350\/120;\" \/><noscript><img loading=\"lazy\" decoding=\"async\" width=\"350\" height=\"120\" src=\"https:\/\/www.1a-avtolicarstvoplut.si\/wp-content\/uploads\/2020\/04\/IMG_20200418_122436-scaled-e1587541429169-350x120.jpg\" class=\"announcement-banner-image\" alt=\"2015\" \/><\/noscript>\n\t\t<!-- Announcement Excerpt -->\n\t\t<div class=\"the-excerpt\">\n\t\t\t<p>Fredi looses his life battle after a hard illness. His wife Marija and sons Luka and Jure take over the business.<\/p>\n\t\t<\/div>\n\t\t<!-- End Announcement Excerpt -->\n\n\t\t\n\t<\/div>\n\t<!-- End Timeline Content -->\n\n<\/div>\n<!-- End Timeline Block -->\n\n<div class=\"cd-timeline-block april 08 2020 announcement-924\">\n\n\t\n\t\t<div class=\"cd-timeline-img cd-picture icon-no-readmore\" style=\"background:#dd9933;\">\n\n\t\t\t<!-- Custom Action Hook -->\n\t\t\t\n\t\t\t\t<!-- Standard Font Awesome Icon -->\n\t\t\t\t<span class=\"fa fa-mortar-board\" title=\"2017\"><\/span>\n\n\t\t\t\n\t\t<\/div> <!-- cd-timeline-img -->\n\n\t\n\t<!-- Timeline Content -->\n\t<div class=\"cd-timeline-content\">\n\n\t\t\n\t\t<!-- Announcement Title -->\n\t\t<div class=\"cd-timeline-title-container\">\n\n\t\t\t\n\t\t\t<h2 class=\"cd-timeline-item-title\">\n\t\t\t\t2017\t\t\t<\/h2>\n\n\t\t\t\t\t<\/div>\n\t\t<!-- End Announcement Title -->\n\n\t\t<img loading=\"lazy\" decoding=\"async\" width=\"350\" height=\"120\" data-src=\"https:\/\/www.1a-avtolicarstvoplut.si\/wp-content\/uploads\/2020\/04\/IMG_20200418_123226-scaled-e1587541311612-350x120.jpg\" class=\"announcement-banner-image lazyload\" alt=\"2017\" src=\"data:image\/gif;base64,R0lGODlhAQABAAAAACH5BAEKAAEALAAAAAABAAEAAAICTAEAOw==\" style=\"--smush-placeholder-width: 350px; --smush-placeholder-aspect-ratio: 350\/120;\" \/><noscript><img loading=\"lazy\" decoding=\"async\" width=\"350\" height=\"120\" src=\"https:\/\/www.1a-avtolicarstvoplut.si\/wp-content\/uploads\/2020\/04\/IMG_20200418_123226-scaled-e1587541311612-350x120.jpg\" class=\"announcement-banner-image\" alt=\"2017\" \/><\/noscript>\n\t\t<!-- Announcement Excerpt -->\n\t\t<div class=\"the-excerpt\">\n\t\t\t<p>Luka becomes a car painting master craftsman.<\/p>\n\t\t<\/div>\n\t\t<!-- End Announcement Excerpt -->\n\n\t\t\n\t<\/div>\n\t<!-- End Timeline Content -->\n\n<\/div>\n<!-- End Timeline Block -->\n\n<div class=\"cd-timeline-block april 15 2020 announcement-1228\">\n\n\t\n\t\t<div class=\"cd-timeline-img cd-picture icon-no-readmore\" style=\"background:#dd9933;\">\n\n\t\t\t<!-- Custom Action Hook -->\n\t\t\t\n\t\t\t\t<!-- Standard Font Awesome Icon -->\n\t\t\t\t<span class=\"fa fa-exclamation-triangle\" title=\"2020\"><\/span>\n\n\t\t\t\n\t\t<\/div> <!-- cd-timeline-img -->\n\n\t\n\t<!-- Timeline Content -->\n\t<div class=\"cd-timeline-content\">\n\n\t\t\n\t\t<!-- Announcement Title -->\n\t\t<div class=\"cd-timeline-title-container\">\n\n\t\t\t\n\t\t\t<h2 class=\"cd-timeline-item-title\">\n\t\t\t\t2020\t\t\t<\/h2>\n\n\t\t\t\t\t<\/div>\n\t\t<!-- End Announcement Title -->\n\n\t\t<img loading=\"lazy\" decoding=\"async\" width=\"350\" height=\"120\" data-src=\"https:\/\/www.1a-avtolicarstvoplut.si\/wp-content\/uploads\/2020\/04\/jure-ngenco-scaled-e1587540411540-350x120.jpg\" class=\"announcement-banner-image lazyload\" alt=\"2020\" src=\"data:image\/gif;base64,R0lGODlhAQABAAAAACH5BAEKAAEALAAAAAABAAEAAAICTAEAOw==\" style=\"--smush-placeholder-width: 350px; --smush-placeholder-aspect-ratio: 350\/120;\" \/><noscript><img loading=\"lazy\" decoding=\"async\" width=\"350\" height=\"120\" src=\"https:\/\/www.1a-avtolicarstvoplut.si\/wp-content\/uploads\/2020\/04\/jure-ngenco-scaled-e1587540411540-350x120.jpg\" class=\"announcement-banner-image\" alt=\"2020\" \/><\/noscript>\n\t\t<!-- Announcement Excerpt -->\n\t\t<div class=\"the-excerpt\">\n\t\t\t<p>Jure undergoes a professional training course in Great Britain, granting us an exclusive license to use the new technology of plastic protection application called Ngenco\u2122.<\/p>\n\t\t<\/div>\n\t\t<!-- End Announcement Excerpt -->\n\n\t\t\n\t<\/div>\n\t<!-- End Timeline Content -->\n\n<\/div>\n<!-- End Timeline Block -->\n\n<div class=\"cd-timeline-block april 15 2020 announcement-no-image announcement-1230\">\n\n\t\n\t\t<div class=\"cd-timeline-img cd-picture icon-no-readmore\" style=\"background:#d84f00;\">\n\n\t\t\t<!-- Custom Action Hook -->\n\t\t\t\n\t\t\t\t<!-- Standard Font Awesome Icon -->\n\t\t\t\t<span class=\"fa fa-battery-full\" title=\"Today\"><\/span>\n\n\t\t\t\n\t\t<\/div> <!-- cd-timeline-img -->\n\n\t\n\t<!-- Timeline Content -->\n\t<div class=\"cd-timeline-content\">\n\n\t\t\n\t\t<!-- Announcement Title -->\n\t\t<div class=\"cd-timeline-title-container\">\n\n\t\t\t\n\t\t\t<h2 class=\"cd-timeline-item-title\">\n\t\t\t\tToday\t\t\t<\/h2>\n\n\t\t\t\t\t<\/div>\n\t\t<!-- End Announcement Title -->\n\n\t\t\n\t\t<!-- Announcement Excerpt -->\n\t\t<div class=\"the-excerpt\">\n\t\t\t<p>Today the company employs four members of the family and eight other co-workers. Our mission is to satisfy the most demanding customers. By taking part in professional training in Slovenia and abroad we provide high-qualified staff in all areas. We excel in precision, working with the best materials, meeting the needs of our customers and a constant search of new solutions.<\/p>\n\t\t<\/div>\n\t\t<!-- End Announcement Excerpt -->\n\n\t\t\n\t<\/div>\n\t<!-- End Timeline Content -->\n\n<\/div>\n<!-- End Timeline Block -->\n\n\t\t\t<\/section>\n\n\t\t\t<!-- Timeline Express Free v1.8.1 | Site: https:\/\/www.wp-timelineexpress.com | Author: CodeParrots - http:\/\/www.codeparrots.com --><\/div>\n\t\t\t\t\t\t<\/div>\n\t\t\t\t<\/div>\n\t\t\t\t\t<\/div>\n\t\t<\/div>\n\t\t\t\t\t<\/div>\n\t\t<\/section>\n\t\t\t\t<\/div>","protected":false},"excerpt":{"rendered":"","protected":false},"author":1,"featured_media":0,"parent":0,"menu_order":0,"comment_status":"closed","ping_status":"closed","template":"","meta":{"site-sidebar-layout":"no-sidebar","site-content-layout":"page-builder","ast-site-content-layout":"default","site-content-style":"default","site-sidebar-style":"default","ast-global-header-display":"","ast-banner-title-visibility":"","ast-main-header-display":"","ast-hfb-above-header-display":"","ast-hfb-below-header-display":"","ast-hfb-mobile-header-display":"","site-post-title":"disabled","ast-breadcrumbs-content":"","ast-featured-img":"disabled","footer-sml-layout":"","ast-disable-related-posts":"","theme-transparent-header-meta":"default","adv-header-id-meta":"","stick-header-meta":"","header-above-stick-meta":"","header-main-stick-meta":"","header-below-stick-meta":"","astra-migrate-meta-layouts":"default","ast-page-background-enabled":"default","ast-page-background-meta":{"desktop":{"background-color":"","background-image":"","background-repeat":"repeat","background-position":"center center","background-size":"auto","background-attachment":"scroll","background-type":"","background-media":"","overlay-type":"","overlay-color":"","overlay-opacity":"","overlay-gradient":""},"tablet":{"background-color":"","background-image":"","background-repeat":"repeat","background-position":"center center","background-size":"auto","background-attachment":"scroll","background-type":"","background-media":"","overlay-type":"","overlay-color":"","overlay-opacity":"","overlay-gradient":""},"mobile":{"background-color":"","background-image":"","background-repeat":"repeat","background-position":"center center","background-size":"auto","background-attachment":"scroll","background-type":"","background-media":"","overlay-type":"","overlay-color":"","overlay-opacity":"","overlay-gradient":""}},"ast-content-background-meta":{"desktop":{"background-color":"var(--ast-global-color-5)","background-image":"","background-repeat":"repeat","background-position":"center center","background-size":"auto","background-attachment":"scroll","background-type":"","background-media":"","overlay-type":"","overlay-color":"","overlay-opacity":"","overlay-gradient":""},"tablet":{"background-color":"var(--ast-global-color-5)","background-image":"","background-repeat":"repeat","background-position":"center center","background-size":"auto","background-attachment":"scroll","background-type":"","background-media":"","overlay-type":"","overlay-color":"","overlay-opacity":"","overlay-gradient":""},"mobile":{"background-color":"var(--ast-global-color-5)","background-image":"","background-repeat":"repeat","background-position":"center center","background-size":"auto","background-attachment":"scroll","background-type":"","background-media":"","overlay-type":"","overlay-color":"","overlay-opacity":"","overlay-gradient":""}},"footnotes":""},"class_list":["post-624","page","type-page","status-publish","hentry"],"yoast_head":"<!-- This site is optimized with the Yoast SEO plugin v25.6 - https:\/\/yoast.com\/wordpress\/plugins\/seo\/ -->\n<title>O nas - 1A - Avtoli\u010darstvo Plut<\/title>\n<meta name=\"robots\" content=\"index, follow, max-snippet:-1, max-image-preview:large, max-video-preview:-1\" \/>\n<link rel=\"canonical\" href=\"https:\/\/www.1a-avtolicarstvoplut.si\/en\/o-nas\/\" \/>\n<meta property=\"og:locale\" content=\"en_GB\" \/>\n<meta property=\"og:type\" content=\"article\" \/>\n<meta property=\"og:title\" content=\"O nas - 1A - Avtoli\u010darstvo Plut\" \/>\n<meta property=\"og:url\" content=\"https:\/\/www.1a-avtolicarstvoplut.si\/en\/o-nas\/\" \/>\n<meta property=\"og:site_name\" content=\"1A - Avtoli\u010darstvo Plut\" \/>\n<meta property=\"article:publisher\" content=\"https:\/\/www.facebook.com\/AvtolicarstvoJeanFredericPlutSp\" \/>\n<meta property=\"article:modified_time\" content=\"2020-09-08T08:47:07+00:00\" \/>\n<meta name=\"twitter:card\" content=\"summary_large_image\" \/>\n<meta name=\"twitter:site\" content=\"@plut62221182\" \/>\n<script type=\"application\/ld+json\" class=\"yoast-schema-graph\">{\"@context\":\"https:\/\/schema.org\",\"@graph\":[{\"@type\":[\"WebPage\",\"AboutPage\"],\"@id\":\"https:\/\/www.1a-avtolicarstvoplut.si\/o-nas\/\",\"url\":\"https:\/\/www.1a-avtolicarstvoplut.si\/o-nas\/\",\"name\":\"O nas - 1A - Avtoli\u010darstvo Plut\",\"isPartOf\":{\"@id\":\"https:\/\/www.1a-avtolicarstvoplut.si\/#website\"},\"datePublished\":\"2020-03-30T11:35:52+00:00\",\"dateModified\":\"2020-09-08T08:47:07+00:00\",\"breadcrumb\":{\"@id\":\"https:\/\/www.1a-avtolicarstvoplut.si\/o-nas\/#breadcrumb\"},\"inLanguage\":\"en-GB\",\"potentialAction\":[{\"@type\":\"ReadAction\",\"target\":[\"https:\/\/www.1a-avtolicarstvoplut.si\/o-nas\/\"]}]},{\"@type\":\"BreadcrumbList\",\"@id\":\"https:\/\/www.1a-avtolicarstvoplut.si\/o-nas\/#breadcrumb\",\"itemListElement\":[{\"@type\":\"ListItem\",\"position\":1,\"name\":\"Avtoli\u010darstvo Plut\",\"item\":\"https:\/\/www.1a-avtolicarstvoplut.si\/\"},{\"@type\":\"ListItem\",\"position\":2,\"name\":\"O nas\"}]},{\"@type\":\"WebSite\",\"@id\":\"https:\/\/www.1a-avtolicarstvoplut.si\/#website\",\"url\":\"https:\/\/www.1a-avtolicarstvoplut.si\/\",\"name\":\"1A - Avtoli\u010darstvo Plut\",\"description\":\"1A - Avtoli\u010darstvo Marija Plut s.p.\",\"publisher\":{\"@id\":\"https:\/\/www.1a-avtolicarstvoplut.si\/#organization\"},\"potentialAction\":[{\"@type\":\"SearchAction\",\"target\":{\"@type\":\"EntryPoint\",\"urlTemplate\":\"https:\/\/www.1a-avtolicarstvoplut.si\/?s={search_term_string}\"},\"query-input\":{\"@type\":\"PropertyValueSpecification\",\"valueRequired\":true,\"valueName\":\"search_term_string\"}}],\"inLanguage\":\"en-GB\"},{\"@type\":\"Organization\",\"@id\":\"https:\/\/www.1a-avtolicarstvoplut.si\/#organization\",\"name\":\"1A - Avtoli\u010darstvo Marija Plut s.p.\",\"url\":\"https:\/\/www.1a-avtolicarstvoplut.si\/\",\"logo\":{\"@type\":\"ImageObject\",\"inLanguage\":\"en-GB\",\"@id\":\"https:\/\/www.1a-avtolicarstvoplut.si\/#\/schema\/logo\/image\/\",\"url\":\"\",\"contentUrl\":\"\",\"caption\":\"1A - Avtoli\u010darstvo Marija Plut s.p.\"},\"image\":{\"@id\":\"https:\/\/www.1a-avtolicarstvoplut.si\/#\/schema\/logo\/image\/\"},\"sameAs\":[\"https:\/\/www.facebook.com\/AvtolicarstvoJeanFredericPlutSp\",\"https:\/\/x.com\/plut62221182\",\"https:\/\/www.instagram.com\/avtolicarstvoplut\/\",\"https:\/\/www.youtube.com\/channel\/UCEg6MgccxtzWaHBGNIeczxQ\"]}]}<\/script>\n<!-- \/ Yoast SEO plugin. -->","yoast_head_json":{"title":"O nas - 1A - Avtoli\u010darstvo Plut","robots":{"index":"index","follow":"follow","max-snippet":"max-snippet:-1","max-image-preview":"max-image-preview:large","max-video-preview":"max-video-preview:-1"},"canonical":"https:\/\/www.1a-avtolicarstvoplut.si\/en\/o-nas\/","og_locale":"en_GB","og_type":"article","og_title":"O nas - 1A - Avtoli\u010darstvo Plut","og_url":"https:\/\/www.1a-avtolicarstvoplut.si\/en\/o-nas\/","og_site_name":"1A - Avtoli\u010darstvo Plut","article_publisher":"https:\/\/www.facebook.com\/AvtolicarstvoJeanFredericPlutSp","article_modified_time":"2020-09-08T08:47:07+00:00","twitter_card":"summary_large_image","twitter_site":"@plut62221182","schema":{"@context":"https:\/\/schema.org","@graph":[{"@type":["WebPage","AboutPage"],"@id":"https:\/\/www.1a-avtolicarstvoplut.si\/o-nas\/","url":"https:\/\/www.1a-avtolicarstvoplut.si\/o-nas\/","name":"O nas - 1A - Avtoli\u010darstvo Plut","isPartOf":{"@id":"https:\/\/www.1a-avtolicarstvoplut.si\/#website"},"datePublished":"2020-03-30T11:35:52+00:00","dateModified":"2020-09-08T08:47:07+00:00","breadcrumb":{"@id":"https:\/\/www.1a-avtolicarstvoplut.si\/o-nas\/#breadcrumb"},"inLanguage":"en-GB","potentialAction":[{"@type":"ReadAction","target":["https:\/\/www.1a-avtolicarstvoplut.si\/o-nas\/"]}]},{"@type":"BreadcrumbList","@id":"https:\/\/www.1a-avtolicarstvoplut.si\/o-nas\/#breadcrumb","itemListElement":[{"@type":"ListItem","position":1,"name":"Avtoli\u010darstvo Plut","item":"https:\/\/www.1a-avtolicarstvoplut.si\/"},{"@type":"ListItem","position":2,"name":"O nas"}]},{"@type":"WebSite","@id":"https:\/\/www.1a-avtolicarstvoplut.si\/#website","url":"https:\/\/www.1a-avtolicarstvoplut.si\/","name":"1A - Avtoli\u010darstvo Plut","description":"1A - Car painting Marija Plut","publisher":{"@id":"https:\/\/www.1a-avtolicarstvoplut.si\/#organization"},"potentialAction":[{"@type":"SearchAction","target":{"@type":"EntryPoint","urlTemplate":"https:\/\/www.1a-avtolicarstvoplut.si\/?s={search_term_string}"},"query-input":{"@type":"PropertyValueSpecification","valueRequired":true,"valueName":"search_term_string"}}],"inLanguage":"en-GB"},{"@type":"Organization","@id":"https:\/\/www.1a-avtolicarstvoplut.si\/#organization","name":"1A - Car painting Marija Plut","url":"https:\/\/www.1a-avtolicarstvoplut.si\/","logo":{"@type":"ImageObject","inLanguage":"en-GB","@id":"https:\/\/www.1a-avtolicarstvoplut.si\/#\/schema\/logo\/image\/","url":"","contentUrl":"","caption":"1A - Avtoli\u010darstvo Marija Plut s.p."},"image":{"@id":"https:\/\/www.1a-avtolicarstvoplut.si\/#\/schema\/logo\/image\/"},"sameAs":["https:\/\/www.facebook.com\/AvtolicarstvoJeanFredericPlutSp","https:\/\/x.com\/plut62221182","https:\/\/www.instagram.com\/avtolicarstvoplut\/","https:\/\/www.youtube.com\/channel\/UCEg6MgccxtzWaHBGNIeczxQ"]}]}},"_links":{"self":[{"href":"https:\/\/www.1a-avtolicarstvoplut.si\/en\/wp-json\/wp\/v2\/pages\/624"}],"collection":[{"href":"https:\/\/www.1a-avtolicarstvoplut.si\/en\/wp-json\/wp\/v2\/pages"}],"about":[{"href":"https:\/\/www.1a-avtolicarstvoplut.si\/en\/wp-json\/wp\/v2\/types\/page"}],"author":[{"embeddable":true,"href":"https:\/\/www.1a-avtolicarstvoplut.si\/en\/wp-json\/wp\/v2\/users\/1"}],"replies":[{"embeddable":true,"href":"https:\/\/www.1a-avtolicarstvoplut.si\/en\/wp-json\/wp\/v2\/comments?post=624"}],"version-history":[{"count":3,"href":"https:\/\/www.1a-avtolicarstvoplut.si\/en\/wp-json\/wp\/v2\/pages\/624\/revisions"}],"predecessor-version":[{"id":1231,"href":"https:\/\/www.1a-avtolicarstvoplut.si\/en\/wp-json\/wp\/v2\/pages\/624\/revisions\/1231"}],"wp:attachment":[{"href":"https:\/\/www.1a-avtolicarstvoplut.si\/en\/wp-json\/wp\/v2\/media?parent=624"}],"curies":[{"name":"wp","href":"https:\/\/api.w.org\/{rel}","templated":true}]}}